{"id":716,"date":"2019-08-28T12:55:00","date_gmt":"2019-08-28T17:55:00","guid":{"rendered":"http:\/\/www.femsa.com\/?page_id=716"},"modified":"2024-12-30T17:10:16","modified_gmt":"2024-12-30T23:10:16","slug":"coca-cola-femsa","status":"publish","type":"page","link":"https:\/\/www.femsa.com\/en\/business-units\/coca-cola-femsa\/","title":{"rendered":"Coca-Cola FEMSA"},"content":{"rendered":"<div class=\"wpb-content-wrapper\"><p>[vc_section full_width=&#8221;stretch_row_content&#8221;][vc_row full_width=&#8221;stretch_row_content_no_spaces&#8221;][vc_column]\n                <style>\n                    .banner {\n                        background-image: url(https:\/\/www.femsa.com\/wp-content\/uploads\/2022\/07\/Banner-Coca-Cola-FEMSA.jpg);\n                    }\n\n                    @media screen and (max-width: 480px){\n                        .banner {\n                            background-image: url(https:\/\/www.femsa.com\/wp-content\/uploads\/2024\/12\/Banner_Coca-Cola_FEMSA_380.jpg);\n                        }\n                    }\n                <\/style>\n                <div class=\"vc-bannersecciones-wrap  12\">\n                    <div class=\"row no-gutters pb-0 pb-md-0\">\n                        <div class=\"col-12 banner home px-0\">\n                            <span class=\"h2 right d-flex align-items-center\">Coca-Cola FEMSA<\/span>\n\n                            <div class=\"row content-bloques\">\n                                <div class=\"col-12 col-md-11 mx-auto\">\n                                    <div class=\"row w-100 bloques d-none\"><div class=\"col-12 text-right my-0\"> <span class=\"px-2 py-1 d-inline-block\" style=\"background: \"><\/span><\/div>\n                                      <div class=\"col-12 mt-1 mt-md-3 text-right\"><\/div>\n                                    <\/div>\n                                <\/div>\n                            <\/div>\n\n                            <img loading=\"lazy\" decoding=\"async\" src=\"https:\/\/www.femsa.com\/wp-content\/uploads\/2022\/07\/Banner-Coca-Cola-FEMSA.jpg\"  alt=\"Coca-Cola FEMSA\" height=\"600\" width=\"2560\" class=\"img-fluid w-100 banner-desktop\">\n                            <img loading=\"lazy\" decoding=\"async\" src=\"https:\/\/www.femsa.com\/wp-content\/uploads\/2024\/12\/Banner_Coca-Cola_FEMSA_380.jpg\" alt=\"Coca-Cola FEMSA\" height=\"600\" width=\"792\" class=\"img-fluid w-100 banner-movil\">\n                        <\/div>\n                    <\/div>\n                 <\/div>[\/vc_column][\/vc_row][\/vc_section][vc_section el_class=&#8221;container mx-auto mt-3 mt-md-4&#8243;][vc_row equal_height=&#8221;yes&#8221; content_placement=&#8221;middle&#8221;][vc_column width=&#8221;1\/12&#8243;][\/vc_column][vc_column width=&#8221;1\/4&#8243;][vc_single_image image=&#8221;11926&#8243; img_size=&#8221;full&#8221; alignment=&#8221;right&#8221; css_animation=&#8221;fadeInLeft&#8221; el_class=&#8221;text-center text-md-right px-5 px-md-1 mb-2 mb-md-3&#8243;][\/vc_column][vc_column width=&#8221;7\/12&#8243;][vc_column_text css_animation=&#8221;fadeInRight&#8221;]We are the leading bottler and marketer of multi-category drinks, and we are committed to creating economic value and social and environmental welfare hand in hand with our stakeholders.[\/vc_column_text][\/vc_column][vc_column width=&#8221;1\/12&#8243;][\/vc_column][\/vc_row][vc_row el_class=&#8221;mt-3 mt-md-4&#8243;][vc_column width=&#8221;1\/12&#8243;][\/vc_column][vc_column width=&#8221;6\/12&#8243;][vc_column_text css_animation=&#8221;fadeInLeft&#8221;]<\/p>\n<p>We focus on meeting the needs of our customers and consumers in general through the construction of a winning portfolio, the transformation of our operating models and the evolution of our culture. We serve more than 272 million people through 2.1 million points of sale, operating 56 bottling plants and 251 distribution centers in 9 countries in Latin America, covering territories in Mexico, Brazil, Guatemala, Colombia, Argentina, and, nationwide, in Costa Rica, Nicaragua, Panama and Uruguay.<\/p>\n\n<p>Currently, we are the world&#8217;s largest beverage bottler and marketer of the Coca-Cola System by sales volume.<\/p>\n<p>[\/vc_column_text][\/vc_column][vc_column width=&#8221;4\/12&#8243;][vc_single_image image=&#8221;519&#8243; img_size=&#8221;full&#8221; css_animation=&#8221;fadeInRight&#8221;][\/vc_column][vc_column width=&#8221;1\/12&#8243;][\/vc_column][\/vc_row][\/vc_section][vc_section el_class=&#8221;container mx-auto mt-5&#8243;][vc_row][vc_column]<div class=\"vc-numeralia-wrap numeralia  wpb_animate_when_almost_visible wpb_fadeIn fadeIn\">\n                    <div class=\"row\">\n                        <div class=\"col-12\">\n                            <div class=\"container\">\n                                <div class=\"row no-gutters justify-content-center seccion-millones\">\n                                    <div class=\"col-12 col-md-4 mb-4 mb-md-0 px-3 text-center numeralia-type \">\n                                        <img decoding=\"async\" class=\"mb-1 mb-md-3\" src=\"https:\/\/www.femsa.com\/wp-content\/uploads\/2024\/03\/Water-icon.jpg\" alt=\"\" loading=\"lazy\">\n                                        <h2 class=\"h3 mb-1 mb-md-2 text-uppercase\" style=\"color: #ff1d22;\"><span class=\"increment\" data-decimal=\"1\" data-max=\"1.42\">1.42<\/span> liters<\/h2>\n                                        <p class=\" mx-auto text-uppercase\" style=\"color: #ff1d22;\">of water<\/p>\n                                        <p class=\"texto-normal\">per liter of beverage produced<\/p>\n                                    <\/div>\n                                    <div class=\"col-12 col-md-4 mb-4 mb-md-0 px-3 text-center numeralia-type \">\n                                        <img decoding=\"async\" class=\"mb-1 mb-md-3\" src=\"https:\/\/www.femsa.com\/wp-content\/uploads\/2024\/03\/renewable-energy-icon.jpg\" alt=\"\" loading=\"lazy\">\n                                        <h2 class=\"h3 mb-1 mb-md-2 text-uppercase\" style=\"color: #ff1d22;\"><span class=\"increment\" data-decimal=\"0\" data-max=\"77\">77<\/span> %<\/h2>\n                                        <p class=\" mx-auto text-uppercase\" style=\"color: #ff1d22;\">of  our global electricity needs<\/p>\n                                        <p class=\"texto-normal\">supplied by renewable sources<\/p>\n                                    <\/div>\n                                    <div class=\"col-12 col-md-4 mb-4 mb-md-0 px-3 text-center numeralia-type \">\n                                        <img decoding=\"async\" class=\"mb-1 mb-md-3\" src=\"https:\/\/www.femsa.com\/wp-content\/uploads\/2024\/03\/recycle-icon.jpg\" alt=\"\" loading=\"lazy\">\n                                        <h2 class=\"h3 mb-1 mb-md-2 text-uppercase\" style=\"color: #ff1d22;\"><span class=\"increment\" data-decimal=\"0\" data-max=\"84\">84<\/span> %<\/h2>\n                                        <p class=\" mx-auto text-uppercase\" style=\"color: #ff1d22;\">of our bottling plants<\/p>\n                                        <p class=\"texto-normal\">have earned Zero Waste certification <\/p>\n                                    <\/div>\n                                <\/div>\n                            <\/div>\n                        <\/div>\n                    <\/div>\n                 <\/div>[\/vc_column][\/vc_row][\/vc_section][vc_section full_width=&#8221;stretch_row&#8221; el_class=&#8221;mt-5&#8243; css=&#8221;.vc_custom_1578191910918{background-color: #fbfcfd !important;}&#8221;][vc_row][vc_column width=&#8221;1\/12&#8243;][\/vc_column][vc_column width=&#8221;10\/12&#8243;][vc_column_text]<\/p>\n<h4 style=\"text-align: center;\">Coca-Cola FEMSA Presence<\/h4>\n<p>[\/vc_column_text][vc_single_image image=&#8221;20074&#8243; img_size=&#8221;full&#8221; alignment=&#8221;center&#8221;][\/vc_column][vc_column width=&#8221;1\/12&#8243;][\/vc_column][\/vc_row][vc_row disable_element=&#8221;yes&#8221; el_class=&#8221;container mx-auto&#8221;][vc_column]<div class=\"vc-mapacocacolafemsa-wrap vc-mapa mb-3 mb-md-0  wpb_animate_when_almost_visible wpb_fadeIn fadeIn\">\n                    <div class=\"row no-gutters nuestra-presencia\">\n                        <div class=\"col-11 col-md-12 mx-auto text-center text-md-left\">\n\n                            <h2 class=\"h5 pl-0 pl-md-5 mt-md-5 mb-md-4 ml-0 ml-md-5 text-center text-md-left\">Presence of Coca-Cola FEMSA<\/h2>\n\n                            <div class=\"row no-gutters area-mapa\">\n\n                                <!-- Recuadro Mapa -->\n                                <div class=\"recuadro-info-mapa text-center px-4 py-2\">\n                                    <i class=\"fa fa-window-close\"><\/i>\n                                    <h3 class=\"h5 titulo-pais my-2\" style=\"margin-inline-start: 0 !important;\">M\u00e9xico<\/h3>\n                                    <div class=\"unidades-pais text-left\"><\/div>\n                                <\/div>\n                                <!-- \/ Recuadro Mapa -->\n\n\n                                <div class=\"col-12 col-md-6 py-3 mx-auto\">\n                                    <div class=\"contenedor-mapa\">\n                                        <img decoding=\"async\" class=\"w-100 img-fluid\" src=\"https:\/\/www.femsa.com\/wp-content\/themes\/understrap-child\/img\/img-mapa.png\" alt=\"Ubicaciones en toda Sudam\u00e9rica\" loading=\"lazy\">\n                                        <a href=\"#\" aria-label=\"Mexico\" class=\"marcador-mapa mexico active\" data-type=\"datos\" data-name=\"M\u00e9xico\" data-map=\"mexico\" data-unidades=\"17 Plantas| 145 Centros de Distribuci\u00f3n| 74.6 Millones de personas atendidas| 864,638 Puntos de venta\"><span>Mexico<\/span><\/a>\n                                        <a href=\"#\" aria-label=\"Centro America\" class=\"marcador-mapa centroamerica\" data-type=\"datos\" data-name=\"Centroam\u00e9rica (Guatemala, Nicaragua, Costa Rica y Panam\u00e1)\" data-map=\"centroamerica\" data-unidades=\"7 plantas| 56 Centros de Distribuci\u00f3n| 32.9 millones de personas atendidas| 181,142 puntos de venta\"><span>Centro America<\/span><\/a>\n                                        <a href=\"#\" aria-label=\"Colombia\" class=\"marcador-mapa colombia\" data-type=\"datos\" data-name=\"Colombia\" data-map=\"colombia\" data-unidades=\"7 plantas| 24 Centros de Distribuci\u00f3n| 45.5 millones de personas atendidas| 376,042 puntos de venta\"><span>Colombia<\/span><\/a>\n                                        <a href=\"#\" aria-label=\"Venezuela\" class=\"marcador-mapa venezuela\" data-type=\"datos\" data-name=\"Venezuela\" data-map=\"venezuela\" data-unidades=\"4 plantas| 22 Centros de Distribuci\u00f3n| 31.8 millones de personas atendidas| 156,267 puntos de venta\"><span>Venezuela<\/span><\/a>\n                                        <a href=\"#\" aria-label=\"Brasil\" class=\"marcador-mapa brasil\" data-type=\"datos\" data-name=\"Brasil\" data-map=\"brasil\" data-unidades=\"10 plantas| 40 Centros de Distribuci\u00f3n| 88.8 millones de personas atendidas| 403,059 puntos de venta\"><span>Brasil<\/span><\/a>\n                                        <a href=\"#\" aria-label=\"Uruguay\" class=\"marcador-mapa uruguay\" data-type=\"datos\" data-name=\"Uruguay\" data-map=\"uruguay\" data-unidades=\"1 planta| 6 Centros de Distribuci\u00f3n| 3.5 millones de personas atendidas| 25,360 puntos de venta\"><span>Uruguay<\/span><\/a>\n                                        <a href=\"#\" aria-label=\"Argentina\" class=\"marcador-mapa argentina\" data-type=\"datos\" data-name=\"Argentina\" data-map=\"argentina\" data-unidades=\"2 plantas| 4 Centros de Distribuci\u00f3n| 12.4 millones de personas atendidas| 47,630 puntos de venta\"><span>Argentina<\/span><\/a>\n                                    <\/div>\n                                <\/div>\n                            <\/div>\n                        <\/div>\n                    <\/div>\n                 <\/div>[\/vc_column][\/vc_row][\/vc_section][vc_section el_class=&#8221;container mx-auto mt-5&#8243;][vc_row][vc_column]<div class=\"vc-linkredes-wrap  wpb_animate_when_almost_visible wpb_fadeInUp fadeInUp\">\n                    <div class=\"row\">\n                        <div class=\"col-12 my-2\">\n                            <h2 class=\"h4 text-center\">Coca-Cola FEMSA on Social Networks<\/h3>\n                        <\/div>\n                    <\/div>\n                    <div class=\"row align-items-center justify-content-center\">\n                        <div class=\"col-12 text-center\">\n                            <ul class=\"list-unstyled d-flex justify-content-center\"><li class=\"px-2 px-md-3 text-center\"><a target=\"_blank\" href=\"https:\/\/www.linkedin.com\/company\/coca-cola-femsa\/\" class=\"text-dark-gray\" aria-label=\"LinkedIn\"><i class=\"fa fa-linkedin fa-2x\"><\/i><\/a><\/li><li class=\"px-2 px-md-3 text-center\"><a target=\"_blank\" href=\"https:\/\/coca-colafemsa.com\/en\/news\/\" class=\"text-dark-gray\" aria-label=\"Haga clic para visitar la p\u00e1gina de inicio del sitio\"><i class=\"fa fa-globe fa-2x\"><\/i><\/a><\/li>\n                            <\/ul>\n                        <\/div>\n                    <\/div>\n                 <\/div><div class=\"vc-femsaredes-wrap \">\n                    <div class=\"row no-gutters\">\n                        <div class=\"col-12\">\n                            <!-- Redes Sociales Fotos -->\n                              <div class=\"row py-3 pb-md-5\">\n                                  <div class=\"col-12 col-md-4 mb-4 mb-md-0\">\n                                    <a href=\"https:\/\/coca-colafemsa.com\/en\/investor-relations\/reports-and-results\/\" target=\"_blank\" aria-label=\"Haz clic aqu\u00ed para seguirnos en nuestras redes sociales\n\">\n                                      <img decoding=\"async\" width=\"774\" height=\"781\" src=\"https:\/\/www.femsa.com\/wp-content\/uploads\/2024\/03\/KOF-WEB-032024.png\" class=\"img-fluid\" alt=\"\"Presentamos nuestro Informe Integrado 2023\". Enlace al Informe Anual 2023 de Coca-Cola FEMSA, en su sitio web\" loading=\"lazy\">\n                                    <\/a>\n                                  <\/div>\n                                  <div class=\"col-12 col-md-4 mb-4 mb-md-0\">\n                                    <a href=\"https:\/\/www.linkedin.com\/company\/coca-cola-femsa\" target=\"_blank\" aria-label=\"Haz clic aqu\u00ed para seguirnos en nuestras redes sociales\n\">\n                                      <img decoding=\"async\" width=\"1280\" height=\"1280\" src=\"https:\/\/www.femsa.com\/wp-content\/uploads\/2024\/03\/KOF-032024a.jpg\" class=\"img-fluid\" alt=\"Ilustraci\u00f3n de un cami\u00f3n repartidor de Coca-Cola, con globos encima de \u00e9l y la leyenda \"Embotellamos felicidad\"\" loading=\"lazy\">\n                                    <\/a>\n                                  <\/div>\n                                  <div class=\"col-12 col-md-4 mb-4 mb-md-0\">\n                                    <a href=\"https:\/\/www.linkedin.com\/company\/coca-cola-femsa\" target=\"_blank\" aria-label=\"Haz clic aqu\u00ed para seguirnos en nuestras redes sociales\n\">\n                                      <img decoding=\"async\" width=\"1080\" height=\"1080\" src=\"https:\/\/www.femsa.com\/wp-content\/uploads\/2024\/03\/KOF-IN-032024b.jpg\" class=\"img-fluid\" alt=\"Imagen que enlaza a la p\u00e1gina en LinkedIn de Coca-Cola FEMSA, con la leyenda \"5 cosas que no sab\u00edas de Coca-Cola FEMSA\"\" loading=\"lazy\">\n                                    <\/a>\n                                  <\/div>\n                              <\/div>\n                              <!-- \/Redes Sociales Fotos -->\n                        <\/div>\n                    <\/div>\n                 <\/div>[\/vc_column][\/vc_row][\/vc_section]<\/p>\n<\/div>","protected":false},"excerpt":{"rendered":"<p>[vc_section full_width=&#8221;stretch_row_content&#8221;][vc_row full_width=&#8221;stretch_row_content_no_spaces&#8221;][vc_column][\/vc_column][\/vc_row][\/vc_section][vc_section el_class=&#8221;container mx-auto mt-3 mt-md-4&#8243;][vc_row equal_height=&#8221;yes&#8221; content_placement=&#8221;middle&#8221;][vc_column width=&#8221;1\/12&#8243;][\/vc_column][vc_column width=&#8221;1\/4&#8243;][vc_single_image image=&#8221;11926&#8243; img_size=&#8221;full&#8221; alignment=&#8221;right&#8221; css_animation=&#8221;fadeInLeft&#8221; el_class=&#8221;text-center text-md-right px-5 px-md-1 mb-2 [&#8230;]<\/p>\n<p><a class=\"btn btn-secondary understrap-read-more-link\" href=\"https:\/\/www.femsa.com\/en\/business-units\/coca-cola-femsa\/\">Read More&#8230;<span class=\"screen-reader-text\"> from Coca-Cola FEMSA<\/span><\/a><\/p>\n","protected":false},"author":8,"featured_media":0,"parent":724,"menu_order":0,"comment_status":"closed","ping_status":"closed","template":"page-templates\/fullwidthpage.php","meta":{"_acf_changed":false,"footnotes":""},"class_list":["post-716","page","type-page","status-publish","hentry"],"acf":[],"yoast_head":"<!-- This site is optimized with the Yoast SEO plugin v27.3 - https:\/\/yoast.com\/product\/yoast-seo-wordpress\/ -->\n<title>Coca-Cola FEMSA - FEMSA<\/title>\n<meta name=\"description\" content=\"We are the leading bottler and marketer of multi-category drinks, and we are committed to creating economic value and social and environmental welfare hand in hand with our stakeholders.\" \/>\n<meta name=\"robots\" content=\"index, follow, max-snippet:-1, max-image-preview:large, max-video-preview:-1\" \/>\n<link rel=\"canonical\" href=\"https:\/\/www.femsa.com\/en\/business-units\/coca-cola-femsa\/\" \/>\n<meta property=\"og:locale\" content=\"en_US\" \/>\n<meta property=\"og:type\" content=\"article\" \/>\n<meta property=\"og:title\" content=\"Coca-Cola FEMSA - FEMSA\" \/>\n<meta property=\"og:description\" content=\"We are the leading bottler and marketer of multi-category drinks, and we are committed to creating economic value and social and environmental welfare hand in hand with our stakeholders.\" \/>\n<meta property=\"og:url\" content=\"https:\/\/www.femsa.com\/en\/business-units\/coca-cola-femsa\/\" \/>\n<meta property=\"og:site_name\" content=\"FEMSA\" \/>\n<meta property=\"article:modified_time\" content=\"2024-12-30T23:10:16+00:00\" \/>\n<meta name=\"twitter:card\" content=\"summary_large_image\" \/>\n<meta name=\"twitter:label1\" content=\"Est. reading time\" \/>\n\t<meta name=\"twitter:data1\" content=\"2 minutes\" \/>\n<script type=\"application\/ld+json\" class=\"yoast-schema-graph\">{\"@context\":\"https:\\\/\\\/schema.org\",\"@graph\":[{\"@type\":\"WebPage\",\"@id\":\"https:\\\/\\\/www.femsa.com\\\/en\\\/business-units\\\/coca-cola-femsa\\\/\",\"url\":\"https:\\\/\\\/www.femsa.com\\\/en\\\/business-units\\\/coca-cola-femsa\\\/\",\"name\":\"Coca-Cola FEMSA - FEMSA\",\"isPartOf\":{\"@id\":\"https:\\\/\\\/www.femsa.com\\\/en\\\/#website\"},\"datePublished\":\"2019-08-28T17:55:00+00:00\",\"dateModified\":\"2024-12-30T23:10:16+00:00\",\"description\":\"We are the leading bottler and marketer of multi-category drinks, and we are committed to creating economic value and social and environmental welfare hand in hand with our stakeholders.\",\"breadcrumb\":{\"@id\":\"https:\\\/\\\/www.femsa.com\\\/en\\\/business-units\\\/coca-cola-femsa\\\/#breadcrumb\"},\"inLanguage\":\"en-US\",\"potentialAction\":[{\"@type\":\"ReadAction\",\"target\":[\"https:\\\/\\\/www.femsa.com\\\/en\\\/business-units\\\/coca-cola-femsa\\\/\"]}]},{\"@type\":\"BreadcrumbList\",\"@id\":\"https:\\\/\\\/www.femsa.com\\\/en\\\/business-units\\\/coca-cola-femsa\\\/#breadcrumb\",\"itemListElement\":[{\"@type\":\"ListItem\",\"position\":1,\"name\":\"Home\",\"item\":\"https:\\\/\\\/www.femsa.com\\\/en\\\/\"},{\"@type\":\"ListItem\",\"position\":2,\"name\":\"Business Units\",\"item\":\"https:\\\/\\\/www.femsa.com\\\/en\\\/business-units\\\/\"},{\"@type\":\"ListItem\",\"position\":3,\"name\":\"Coca-Cola FEMSA\"}]},{\"@type\":\"WebSite\",\"@id\":\"https:\\\/\\\/www.femsa.com\\\/en\\\/#website\",\"url\":\"https:\\\/\\\/www.femsa.com\\\/en\\\/\",\"name\":\"FEMSA\",\"description\":\"\",\"publisher\":{\"@id\":\"https:\\\/\\\/www.femsa.com\\\/en\\\/#organization\"},\"potentialAction\":[{\"@type\":\"SearchAction\",\"target\":{\"@type\":\"EntryPoint\",\"urlTemplate\":\"https:\\\/\\\/www.femsa.com\\\/en\\\/?s={search_term_string}\"},\"query-input\":{\"@type\":\"PropertyValueSpecification\",\"valueRequired\":true,\"valueName\":\"search_term_string\"}}],\"inLanguage\":\"en-US\"},{\"@type\":\"Organization\",\"@id\":\"https:\\\/\\\/www.femsa.com\\\/en\\\/#organization\",\"name\":\"FEMSA\",\"url\":\"https:\\\/\\\/www.femsa.com\\\/en\\\/\",\"logo\":{\"@type\":\"ImageObject\",\"inLanguage\":\"en-US\",\"@id\":\"https:\\\/\\\/www.femsa.com\\\/en\\\/#\\\/schema\\\/logo\\\/image\\\/\",\"url\":null,\"contentUrl\":null,\"width\":null,\"height\":null,\"caption\":\"FEMSA\"},\"image\":{\"@id\":\"https:\\\/\\\/www.femsa.com\\\/en\\\/#\\\/schema\\\/logo\\\/image\\\/\"}}]}<\/script>\n<!-- \/ Yoast SEO plugin. -->","yoast_head_json":{"title":"Coca-Cola FEMSA - FEMSA","description":"We are the leading bottler and marketer of multi-category drinks, and we are committed to creating economic value and social and environmental welfare hand in hand with our stakeholders.","robots":{"index":"index","follow":"follow","max-snippet":"max-snippet:-1","max-image-preview":"max-image-preview:large","max-video-preview":"max-video-preview:-1"},"canonical":"https:\/\/www.femsa.com\/en\/business-units\/coca-cola-femsa\/","og_locale":"en_US","og_type":"article","og_title":"Coca-Cola FEMSA - FEMSA","og_description":"We are the leading bottler and marketer of multi-category drinks, and we are committed to creating economic value and social and environmental welfare hand in hand with our stakeholders.","og_url":"https:\/\/www.femsa.com\/en\/business-units\/coca-cola-femsa\/","og_site_name":"FEMSA","article_modified_time":"2024-12-30T23:10:16+00:00","twitter_card":"summary_large_image","twitter_misc":{"Est. reading time":"2 minutes"},"schema":{"@context":"https:\/\/schema.org","@graph":[{"@type":"WebPage","@id":"https:\/\/www.femsa.com\/en\/business-units\/coca-cola-femsa\/","url":"https:\/\/www.femsa.com\/en\/business-units\/coca-cola-femsa\/","name":"Coca-Cola FEMSA - FEMSA","isPartOf":{"@id":"https:\/\/www.femsa.com\/en\/#website"},"datePublished":"2019-08-28T17:55:00+00:00","dateModified":"2024-12-30T23:10:16+00:00","description":"We are the leading bottler and marketer of multi-category drinks, and we are committed to creating economic value and social and environmental welfare hand in hand with our stakeholders.","breadcrumb":{"@id":"https:\/\/www.femsa.com\/en\/business-units\/coca-cola-femsa\/#breadcrumb"},"inLanguage":"en-US","potentialAction":[{"@type":"ReadAction","target":["https:\/\/www.femsa.com\/en\/business-units\/coca-cola-femsa\/"]}]},{"@type":"BreadcrumbList","@id":"https:\/\/www.femsa.com\/en\/business-units\/coca-cola-femsa\/#breadcrumb","itemListElement":[{"@type":"ListItem","position":1,"name":"Home","item":"https:\/\/www.femsa.com\/en\/"},{"@type":"ListItem","position":2,"name":"Business Units","item":"https:\/\/www.femsa.com\/en\/business-units\/"},{"@type":"ListItem","position":3,"name":"Coca-Cola FEMSA"}]},{"@type":"WebSite","@id":"https:\/\/www.femsa.com\/en\/#website","url":"https:\/\/www.femsa.com\/en\/","name":"FEMSA","description":"","publisher":{"@id":"https:\/\/www.femsa.com\/en\/#organization"},"potentialAction":[{"@type":"SearchAction","target":{"@type":"EntryPoint","urlTemplate":"https:\/\/www.femsa.com\/en\/?s={search_term_string}"},"query-input":{"@type":"PropertyValueSpecification","valueRequired":true,"valueName":"search_term_string"}}],"inLanguage":"en-US"},{"@type":"Organization","@id":"https:\/\/www.femsa.com\/en\/#organization","name":"FEMSA","url":"https:\/\/www.femsa.com\/en\/","logo":{"@type":"ImageObject","inLanguage":"en-US","@id":"https:\/\/www.femsa.com\/en\/#\/schema\/logo\/image\/","url":null,"contentUrl":null,"width":null,"height":null,"caption":"FEMSA"},"image":{"@id":"https:\/\/www.femsa.com\/en\/#\/schema\/logo\/image\/"}}]}},"_links":{"self":[{"href":"https:\/\/www.femsa.com\/en\/wp-json\/wp\/v2\/pages\/716","targetHints":{"allow":["GET"]}}],"collection":[{"href":"https:\/\/www.femsa.com\/en\/wp-json\/wp\/v2\/pages"}],"about":[{"href":"https:\/\/www.femsa.com\/en\/wp-json\/wp\/v2\/types\/page"}],"author":[{"embeddable":true,"href":"https:\/\/www.femsa.com\/en\/wp-json\/wp\/v2\/users\/8"}],"replies":[{"embeddable":true,"href":"https:\/\/www.femsa.com\/en\/wp-json\/wp\/v2\/comments?post=716"}],"version-history":[{"count":0,"href":"https:\/\/www.femsa.com\/en\/wp-json\/wp\/v2\/pages\/716\/revisions"}],"up":[{"embeddable":true,"href":"https:\/\/www.femsa.com\/en\/wp-json\/wp\/v2\/pages\/724"}],"wp:attachment":[{"href":"https:\/\/www.femsa.com\/en\/wp-json\/wp\/v2\/media?parent=716"}],"curies":[{"name":"wp","href":"https:\/\/api.w.org\/{rel}","templated":true}]}}